{"id":654,"date":"2025-04-16T08:33:44","date_gmt":"2025-04-16T12:33:44","guid":{"rendered":"https:\/\/czengaspesie.ca\/?page_id=654"},"modified":"2025-12-23T09:53:44","modified_gmt":"2025-12-23T14:53:44","slug":"contact-us","status":"publish","type":"page","link":"https:\/\/czengaspesie.ca\/en\/contact-us\/","title":{"rendered":"Contact us"},"content":{"rendered":"<div class=\"htb htb-entete   default-margin-top  default-margin-bottom  bg-color color-green  htb-uid-1 \">\n    <div class=\"shape\"><\/div>\n    <div class=\"container-xl\">\n        <div class=\"row\">\n            <div class=\"col-12\">\n                <h1 class=\"title\" data-aos=\"fade-up\" data-aos-delay=\"200\">CONTACT US<\/h1>            <\/div>\n        <\/div>\n    <\/div>\n<\/div>\n\n<div class=\"htb htb-texte-image    default-margin-top  default-margin-bottom  htb-uid-2  pic_left\" >\n\t<div class=\"container-xl\">\n\t\t<div class=\"row\">\n\t\t\t<div class=\"col-md-4 col-image \" >\n\t\t\t\t\t\t\t\t\t<div class=\"img-box\"  data-aos=\"fade-up\" data-aos-delay=\"200\">\n\t\t\t\t\t\t<img decoding=\"async\" src=\"https:\/\/czengaspesie.s3.bhs.io.cloud.ovh.net\/2025\/04\/aeroplane-4916661-1280.jpg\" alt=\"Avion en papier sur fond vert\" class=\"img-fluid\">\n\t\t\t\t\t<\/div>\n\t\t\t\t\t\t\t<\/div>\n\t\t\t<div class=\"col-md-8 col-text  \">\n\t\t\t\t<div class=\"content-box\" data-aos=\"fade-up\" data-aos-delay=\"200\">\n\t\t\t\t\t                \t<h2 class=\"title\">Contact details<\/h2>\t\t\t\t\t<p><a href=\"mailto:collectivitezen.gaspesie@gmail.com\" target=\"_blank\" rel=\"noopener\">collectivitezen.gaspesie@gmail.com<\/a><br \/>\n581 499-0001 ext. 235<\/p>\n<p>&nbsp;<\/p>\n<h6>To reach the facilitation team:<\/h6>\n<p>Patricia Chartier : <a href=\"mailto:pchartier@ciradd.ca\" target=\"_blank\" rel=\"noopener\">pchartier@ciradd.ca<\/a><\/p>\n<p><a class=\"facebook\" href=\"https:\/\/www.facebook.com\/CZeNGaspesie\" target=\"_blank\" rel=\"noopener\"><img decoding=\"async\" class=\"noresize\" src=\"https:\/\/app.cyberimpact.com\/images\/base-templates\/icons\/colored-rounded-squares\/facebook.png\" alt=\"Facebook\" width=\"32\" border=\"0\" \/>\u00a0<\/a><a class=\"linkedin\" href=\"https:\/\/www.linkedin.com\/company\/collectivit%C3%A9s-z%C3%A9n-gasp%C3%A9sie\/?viewAsMember=true\" target=\"_blank\" rel=\"noopener\"><img decoding=\"async\" class=\"noresize\" src=\"https:\/\/app.cyberimpact.com\/images\/base-templates\/icons\/colored-rounded-squares\/linkedin.png\" alt=\"LinkedIn\" width=\"32\" border=\"0\" \/>\u00a0<\/a><\/p>\n\t\t\t\t\t<div class=\"bts-box\">\n\t\t\t\t\t\t\t\t\t\t\t<\/div>\n\t\t\t\t<\/div>\n\t\t\t<\/div>\n\t\t<\/div>\n\t<\/div>\n<\/div>","protected":false},"excerpt":{"rendered":"","protected":false},"author":1,"featured_media":0,"parent":0,"menu_order":0,"comment_status":"closed","ping_status":"closed","template":"","meta":{"_acf_changed":false,"inline_featured_image":false,"footnotes":""},"class_list":["post-654","page","type-page","status-publish","hentry"],"acf":[],"yoast_head":"<!-- This site is optimized with the Yoast SEO plugin v24.6 - https:\/\/yoast.com\/wordpress\/plugins\/seo\/ -->\n<title>Contact us - Collectivit\u00e9s Z\u00e9N Gasp\u00e9sie<\/title>\n<meta name=\"description\" content=\"Get in touch with CZ\u00c9N Gasp\u00e9sie to learn more or get involved: email, phone, and contact info for our facilitation team.\" \/>\n<meta name=\"robots\" content=\"index, follow, max-snippet:-1, max-image-preview:large, max-video-preview:-1\" \/>\n<link rel=\"canonical\" href=\"https:\/\/czengaspesie.ca\/en\/contact-us\/\" \/>\n<meta property=\"og:locale\" content=\"en_US\" \/>\n<meta property=\"og:type\" content=\"article\" \/>\n<meta property=\"og:title\" content=\"Contact us - Collectivit\u00e9s Z\u00e9N Gasp\u00e9sie\" \/>\n<meta property=\"og:description\" content=\"Get in touch with CZ\u00c9N Gasp\u00e9sie to learn more or get involved: email, phone, and contact info for our facilitation team.\" \/>\n<meta property=\"og:url\" content=\"https:\/\/czengaspesie.ca\/en\/contact-us\/\" \/>\n<meta property=\"og:site_name\" content=\"Collectivit\u00e9s Z\u00e9N Gasp\u00e9sie\" \/>\n<meta property=\"article:modified_time\" content=\"2025-12-23T14:53:44+00:00\" \/>\n<meta name=\"twitter:card\" content=\"summary_large_image\" \/>\n<script type=\"application\/ld+json\" class=\"yoast-schema-graph\">{\"@context\":\"https:\/\/schema.org\",\"@graph\":[{\"@type\":\"WebPage\",\"@id\":\"https:\/\/czengaspesie.ca\/en\/contact-us\/\",\"url\":\"https:\/\/czengaspesie.ca\/en\/contact-us\/\",\"name\":\"Contact us - Collectivit\u00e9s Z\u00e9N Gasp\u00e9sie\",\"isPartOf\":{\"@id\":\"https:\/\/czengaspesie.ca\/en\/#website\"},\"datePublished\":\"2025-04-16T12:33:44+00:00\",\"dateModified\":\"2025-12-23T14:53:44+00:00\",\"description\":\"Get in touch with CZ\u00c9N Gasp\u00e9sie to learn more or get involved: email, phone, and contact info for our facilitation team.\",\"breadcrumb\":{\"@id\":\"https:\/\/czengaspesie.ca\/en\/contact-us\/#breadcrumb\"},\"inLanguage\":\"en-US\",\"potentialAction\":[{\"@type\":\"ReadAction\",\"target\":[\"https:\/\/czengaspesie.ca\/en\/contact-us\/\"]}]},{\"@type\":\"BreadcrumbList\",\"@id\":\"https:\/\/czengaspesie.ca\/en\/contact-us\/#breadcrumb\",\"itemListElement\":[{\"@type\":\"ListItem\",\"position\":1,\"name\":\"Home\",\"item\":\"https:\/\/czengaspesie.ca\/en\/\"},{\"@type\":\"ListItem\",\"position\":2,\"name\":\"Contact us\"}]},{\"@type\":\"WebSite\",\"@id\":\"https:\/\/czengaspesie.ca\/en\/#website\",\"url\":\"https:\/\/czengaspesie.ca\/en\/\",\"name\":\"Collectivit\u00e9s Z\u00e9N Gasp\u00e9sie\",\"description\":\"Ensemble, r\u00eavons l&#039;avenir de la Gasp\u00e9sie !\",\"potentialAction\":[{\"@type\":\"SearchAction\",\"target\":{\"@type\":\"EntryPoint\",\"urlTemplate\":\"https:\/\/czengaspesie.ca\/en\/?s={search_term_string}\"},\"query-input\":{\"@type\":\"PropertyValueSpecification\",\"valueRequired\":true,\"valueName\":\"search_term_string\"}}],\"inLanguage\":\"en-US\"}]}<\/script>\n<!-- \/ Yoast SEO plugin. -->","yoast_head_json":{"title":"Contact us - Collectivit\u00e9s Z\u00e9N Gasp\u00e9sie","description":"Get in touch with CZ\u00c9N Gasp\u00e9sie to learn more or get involved: email, phone, and contact info for our facilitation team.","robots":{"index":"index","follow":"follow","max-snippet":"max-snippet:-1","max-image-preview":"max-image-preview:large","max-video-preview":"max-video-preview:-1"},"canonical":"https:\/\/czengaspesie.ca\/en\/contact-us\/","og_locale":"en_US","og_type":"article","og_title":"Contact us - Collectivit\u00e9s Z\u00e9N Gasp\u00e9sie","og_description":"Get in touch with CZ\u00c9N Gasp\u00e9sie to learn more or get involved: email, phone, and contact info for our facilitation team.","og_url":"https:\/\/czengaspesie.ca\/en\/contact-us\/","og_site_name":"Collectivit\u00e9s Z\u00e9N Gasp\u00e9sie","article_modified_time":"2025-12-23T14:53:44+00:00","twitter_card":"summary_large_image","schema":{"@context":"https:\/\/schema.org","@graph":[{"@type":"WebPage","@id":"https:\/\/czengaspesie.ca\/en\/contact-us\/","url":"https:\/\/czengaspesie.ca\/en\/contact-us\/","name":"Contact us - Collectivit\u00e9s Z\u00e9N Gasp\u00e9sie","isPartOf":{"@id":"https:\/\/czengaspesie.ca\/en\/#website"},"datePublished":"2025-04-16T12:33:44+00:00","dateModified":"2025-12-23T14:53:44+00:00","description":"Get in touch with CZ\u00c9N Gasp\u00e9sie to learn more or get involved: email, phone, and contact info for our facilitation team.","breadcrumb":{"@id":"https:\/\/czengaspesie.ca\/en\/contact-us\/#breadcrumb"},"inLanguage":"en-US","potentialAction":[{"@type":"ReadAction","target":["https:\/\/czengaspesie.ca\/en\/contact-us\/"]}]},{"@type":"BreadcrumbList","@id":"https:\/\/czengaspesie.ca\/en\/contact-us\/#breadcrumb","itemListElement":[{"@type":"ListItem","position":1,"name":"Home","item":"https:\/\/czengaspesie.ca\/en\/"},{"@type":"ListItem","position":2,"name":"Contact us"}]},{"@type":"WebSite","@id":"https:\/\/czengaspesie.ca\/en\/#website","url":"https:\/\/czengaspesie.ca\/en\/","name":"Collectivit\u00e9s Z\u00e9N Gasp\u00e9sie","description":"Ensemble, r\u00eavons l&#039;avenir de la Gasp\u00e9sie !","potentialAction":[{"@type":"SearchAction","target":{"@type":"EntryPoint","urlTemplate":"https:\/\/czengaspesie.ca\/en\/?s={search_term_string}"},"query-input":{"@type":"PropertyValueSpecification","valueRequired":true,"valueName":"search_term_string"}}],"inLanguage":"en-US"}]}},"_links":{"self":[{"href":"https:\/\/czengaspesie.ca\/en\/wp-json\/wp\/v2\/pages\/654","targetHints":{"allow":["GET"]}}],"collection":[{"href":"https:\/\/czengaspesie.ca\/en\/wp-json\/wp\/v2\/pages"}],"about":[{"href":"https:\/\/czengaspesie.ca\/en\/wp-json\/wp\/v2\/types\/page"}],"author":[{"embeddable":true,"href":"https:\/\/czengaspesie.ca\/en\/wp-json\/wp\/v2\/users\/1"}],"replies":[{"embeddable":true,"href":"https:\/\/czengaspesie.ca\/en\/wp-json\/wp\/v2\/comments?post=654"}],"version-history":[{"count":4,"href":"https:\/\/czengaspesie.ca\/en\/wp-json\/wp\/v2\/pages\/654\/revisions"}],"predecessor-version":[{"id":1573,"href":"https:\/\/czengaspesie.ca\/en\/wp-json\/wp\/v2\/pages\/654\/revisions\/1573"}],"wp:attachment":[{"href":"https:\/\/czengaspesie.ca\/en\/wp-json\/wp\/v2\/media?parent=654"}],"curies":[{"name":"wp","href":"https:\/\/api.w.org\/{rel}","templated":true}]}}